{"id":155,"date":"2022-05-26T18:29:21","date_gmt":"2022-05-26T16:29:21","guid":{"rendered":"https:\/\/www.peropitalia.it\/?page_id=155"},"modified":"2022-05-26T18:29:21","modified_gmt":"2022-05-26T16:29:21","slug":"registro-delle-attivita-di-trattamento-dei-dati-personali-del-titolare-di-trattamento","status":"publish","type":"page","link":"https:\/\/www.peropitalia.it\/?page_id=155","title":{"rendered":"Registro delle attivit\u00e0 di trattamento dei dati personali del Titolare di trattamento"},"content":{"rendered":"<p>[vc_row][vc_column][vc_column_text]Registro delle attivit\u00e0 di trattamento dei dati personali del Titolare di trattamento<\/p>\n<p>Il presente registro delle attivit\u00e0 di trattamento \u00e8 costituito e tenuto in conformit\u00e0 all\u2019art. 30 del Regolamento UE 2016\/679 (in seguito, anche, \u201cGDPR\u201d) in tema di protezione dei dati personali. Il registro viene tenuto sempre aggiornato come risulta dalla data di ultimo aggiornamento.<\/p>\n<p>&nbsp;<\/p>\n<p>Dati identificativi del Titolare del Trattamento<\/p>\n<p>Il Titolare del Trattamento \u00e8<\/p>\n<p>Perop Italia S.r.l., con sede legale in Viale regina Giovanna 37, 20129 Milano, indirizzo e-mail <a href=\"mailto:info@peropitalia.it\">info@peropitalia.it<\/a>[\/vc_column_text][\/vc_column][\/vc_row]<\/p>\n","protected":false},"excerpt":{"rendered":"<p>[vc_row][vc_column][vc_column_text]Registro delle attivit\u00e0 di trattamento dei dati personali del Titolare di trattamento Il presente registro delle attivit\u00e0 di trattamento \u00e8<\/p>\n<p><span class=\"more-link\"><a href=\"https:\/\/www.peropitalia.it\/?page_id=155\" class=\"readmore\">Continue reading<span class=\"screen-reader-text\">Registro delle attivit\u00e0 di trattamento dei dati personali del Titolare di trattamento<\/span><\/a><\/span><\/p>\n","protected":false},"author":1,"featured_media":0,"parent":0,"menu_order":0,"comment_status":"closed","ping_status":"closed","template":"","meta":{"footnotes":""},"class_list":["post-155","page","type-page","status-publish","hentry"],"_links":{"self":[{"href":"https:\/\/www.peropitalia.it\/index.php?rest_route=\/wp\/v2\/pages\/155","targetHints":{"allow":["GET"]}}],"collection":[{"href":"https:\/\/www.peropitalia.it\/index.php?rest_route=\/wp\/v2\/pages"}],"about":[{"href":"https:\/\/www.peropitalia.it\/index.php?rest_route=\/wp\/v2\/types\/page"}],"author":[{"embeddable":true,"href":"https:\/\/www.peropitalia.it\/index.php?rest_route=\/wp\/v2\/users\/1"}],"replies":[{"embeddable":true,"href":"https:\/\/www.peropitalia.it\/index.php?rest_route=%2Fwp%2Fv2%2Fcomments&post=155"}],"version-history":[{"count":1,"href":"https:\/\/www.peropitalia.it\/index.php?rest_route=\/wp\/v2\/pages\/155\/revisions"}],"predecessor-version":[{"id":157,"href":"https:\/\/www.peropitalia.it\/index.php?rest_route=\/wp\/v2\/pages\/155\/revisions\/157"}],"wp:attachment":[{"href":"https:\/\/www.peropitalia.it\/index.php?rest_route=%2Fwp%2Fv2%2Fmedia&parent=155"}],"curies":[{"name":"wp","href":"https:\/\/api.w.org\/{rel}","templated":true}]}}